{"id":17,"date":"2024-12-28T18:51:40","date_gmt":"2024-12-28T17:51:40","guid":{"rendered":"http:\/\/lesgravuresdelulu.fr\/?page_id=17"},"modified":"2025-11-01T21:10:06","modified_gmt":"2025-11-01T20:10:06","slug":"mes-creations","status":"publish","type":"page","link":"https:\/\/lesgravuresdelulu.fr\/index.php\/mes-creations\/","title":{"rendered":"Mes cr\u00e9ations"},"content":{"rendered":"\t\t<div data-elementor-type=\"wp-page\" data-elementor-id=\"17\" class=\"elementor elementor-17\">\n\t\t\t\t<div class=\"elementor-element elementor-element-3f4461d e-flex e-con-boxed e-con e-parent\" data-id=\"3f4461d\" data-element_type=\"container\">\n\t\t\t\t\t<div class=\"e-con-inner\">\n\t\t\t\t<div class=\"elementor-element elementor-element-e9e3da5 elementor-hidden-tablet elementor-hidden-mobile elementor-widget elementor-widget-html\" data-id=\"e9e3da5\" data-element_type=\"widget\" data-widget_type=\"html.default\">\n\t\t\t\t<div class=\"elementor-widget-container\">\n\t\t\t\t\t<div style=\"position:relative; width:100%; height:96vh; max-height:2000px; overflow:hidden; border-radius:12px; background:#111;\">\r\n  <iframe\r\n    src=\"https:\/\/lesgravuresdelulu.fr\/wp-content\/uploads\/2025\/10\/catalogue_2024_2025_v3.pdf#toolbar=1&navpanes=0&view=FitH\"\r\n    title=\"Catalogue Les Gravures de Lulu\"\r\n    style=\"position:absolute; inset:0; width:100%; height:100%; border:0;\"\r\n    loading=\"lazy\">\r\n  <\/iframe>\r\n<\/div>\r\n<p style=\"margin-top:8px; text-align:center;\">\r\n \r\n<\/p>\r\n\t\t\t\t<\/div>\n\t\t\t\t<\/div>\n\t\t\t\t\t<\/div>\n\t\t\t\t<\/div>\n\t\t<div class=\"elementor-element elementor-element-9ba25d7 e-flex e-con-boxed e-con e-parent\" data-id=\"9ba25d7\" data-element_type=\"container\">\n\t\t\t\t\t<div class=\"e-con-inner\">\n\t\t\t\t<div class=\"elementor-element elementor-element-e05632e elementor-hidden-desktop elementor-widget elementor-widget-html\" data-id=\"e05632e\" data-element_type=\"widget\" data-widget_type=\"html.default\">\n\t\t\t\t<div class=\"elementor-widget-container\">\n\t\t\t\t\t<!-- CSS inline dans la page (HTML pur) -->\r\n<style>\r\n  .pdf-container{\r\n    position: relative;\r\n    width: 100%;\r\n    background: #111;\r\n    border-radius: 12px;\r\n    overflow: hidden;\r\n\r\n    \/* Fallback universel *\/\r\n    height: 92vh;\r\n    max-height: 2000px;\r\n\r\n    \/* Mobiles modernes : tient compte des barres du navigateur *\/\r\n    height: 96dvh;\r\n  }\r\n  @supports (height: 100svh){\r\n    .pdf-container{ height: 96svh; }\r\n  }\r\n  .pdf-embed{\r\n    display: block;\r\n    width: 100%;\r\n    height: 100%;\r\n    border: 0;\r\n  }\r\n  .pdf-actions{\r\n    margin-top: 8px;\r\n    text-align: center;\r\n    font-size: .95rem;\r\n    line-height: 1.6;\r\n    padding-bottom: env(safe-area-inset-bottom, 0);\r\n  }\r\n  .pdf-actions a{ text-decoration: underline; }\r\n<\/style>\r\n\r\n<div class=\"pdf-container\" role=\"region\" aria-label=\"Catalogue Les Gravures de Lulu\">\r\n  <!-- 1) Tentative principale en <object> (meilleure compatibilit\u00e9 que <iframe> sur certains navigateurs) -->\r\n  <object\r\n    class=\"pdf-embed\"\r\n    type=\"application\/pdf\"\r\n    data=\"https:\/\/lesgravuresdelulu.fr\/wp-content\/uploads\/2025\/10\/catalogue_2024_2025_v3.pdf#toolbar=1&navpanes=0&view=FitH\"\r\n    aria-label=\"Catalogue Les Gravures de Lulu\">\r\n\r\n    <!-- 2) Fallback <iframe> si <object> n\u2019est pas pris en charge -->\r\n    <iframe\r\n      class=\"pdf-embed\"\r\n      title=\"Catalogue Les Gravures de Lulu\"\r\n      loading=\"lazy\"\r\n      src=\"https:\/\/lesgravuresdelulu.fr\/wp-content\/uploads\/2025\/10\/catalogue_2024_2025_v3.pdf#toolbar=1&navpanes=0&view=FitH\">\r\n    <\/iframe>\r\n\r\n\r\n  <\/object>\r\n<\/div>\r\n\r\n  \r\n<\/p>\r\n\t\t\t\t<\/div>\n\t\t\t\t<\/div>\n\t\t\t\t<div class=\"elementor-element elementor-element-6cee5af elementor-widget elementor-widget-text-editor\" data-id=\"6cee5af\" data-element_type=\"widget\" data-widget_type=\"text-editor.default\">\n\t\t\t\t<div class=\"elementor-widget-container\">\n\t\t\t\t\t\t\t\t\t<p><a href=\"https:\/\/lesgravuresdelulu.fr\/wp-content\/uploads\/2025\/10\/catalogue_2024_2025_v3.pdf#toolbar=1&amp;navpanes=0&amp;view=FitH\" target=\"_blank\" rel=\"noopener\"><strong>Ouvrir le catalogue en grand \u00e9cran<\/strong><\/a><\/p>\t\t\t\t\t\t\t\t<\/div>\n\t\t\t\t<\/div>\n\t\t\t\t<div class=\"elementor-element elementor-element-271ca1d elementor-widget elementor-widget-spacer\" data-id=\"271ca1d\" data-element_type=\"widget\" data-widget_type=\"spacer.default\">\n\t\t\t\t<div class=\"elementor-widget-container\">\n\t\t\t\t\t\t\t<div class=\"elementor-spacer\">\n\t\t\t<div class=\"elementor-spacer-inner\"><\/div>\n\t\t<\/div>\n\t\t\t\t\t\t<\/div>\n\t\t\t\t<\/div>\n\t\t\t\t<div class=\"elementor-element elementor-element-ba2e89f elementor-widget elementor-widget-heading\" data-id=\"ba2e89f\" data-element_type=\"widget\" data-widget_type=\"heading.default\">\n\t\t\t\t<div class=\"elementor-widget-container\">\n\t\t\t\t\t<h3 class=\"elementor-heading-title elementor-size-default\">Focus pour vos \u00e9v\u00e9nements<\/h3>\t\t\t\t<\/div>\n\t\t\t\t<\/div>\n\t\t\t\t\t<\/div>\n\t\t\t\t<\/div>\n\t\t<div class=\"elementor-element elementor-element-0e4e3b1 e-flex e-con-boxed e-con e-parent\" data-id=\"0e4e3b1\" data-element_type=\"container\">\n\t\t\t\t\t<div class=\"e-con-inner\">\n\t\t\t\t<div class=\"elementor-element elementor-element-14f5e69 elementor-widget elementor-widget-heading\" data-id=\"14f5e69\" data-element_type=\"widget\" data-widget_type=\"heading.default\">\n\t\t\t\t<div class=\"elementor-widget-container\">\n\t\t\t\t\t<p class=\"elementor-heading-title elementor-size-default\">Un mariage, une communion, un bapt\u00eame ?\nSublimez vos tables et offrez \u00e0 vos invit\u00e9s un souvenir unique !<\/p>\t\t\t\t<\/div>\n\t\t\t\t<\/div>\n\t\t\t\t\t<\/div>\n\t\t\t\t<\/div>\n\t\t<div class=\"elementor-element elementor-element-237427c e-flex e-con-boxed e-con e-parent\" data-id=\"237427c\" data-element_type=\"container\">\n\t\t\t\t\t<div class=\"e-con-inner\">\n\t\t\t\t<div class=\"elementor-element elementor-element-18a5ad6 elementor-widget elementor-widget-text-editor\" data-id=\"18a5ad6\" data-element_type=\"widget\" data-widget_type=\"text-editor.default\">\n\t\t\t\t<div class=\"elementor-widget-container\">\n\t\t\t\t\t\t\t\t\t<p><strong data-start=\"235\" data-end=\"287\">Chaque cr\u00e9ation est enti\u00e8rement personnalisable.<\/strong><br data-start=\"287\" data-end=\"290\" \/>Choisissez les pr\u00e9noms, les formes, les typographies\u2026 Menus, marque-places, cadeaux invit\u00e9s : tout peut \u00eatre imagin\u00e9 selon vos envies et votre th\u00e8me.<\/p>\t\t\t\t\t\t\t\t<\/div>\n\t\t\t\t<\/div>\n\t\t\t\t\t<\/div>\n\t\t\t\t<\/div>\n\t\t<div class=\"elementor-element elementor-element-d6117e8 e-flex e-con-boxed e-con e-parent\" data-id=\"d6117e8\" data-element_type=\"container\">\n\t\t\t\t\t<div class=\"e-con-inner\">\n\t\t<div class=\"elementor-element elementor-element-e05a5c7 e-con-full e-flex e-con e-child\" data-id=\"e05a5c7\" data-element_type=\"container\">\n\t\t\t\t<div class=\"elementor-element elementor-element-772b271 elementor-widget elementor-widget-image\" data-id=\"772b271\" data-element_type=\"widget\" data-widget_type=\"image.default\">\n\t\t\t\t<div class=\"elementor-widget-container\">\n\t\t\t\t\t\t\t\t\t\t\t\t\t\t\t<img fetchpriority=\"high\" decoding=\"async\" width=\"800\" height=\"800\" src=\"https:\/\/lesgravuresdelulu.fr\/wp-content\/uploads\/2025\/10\/Bouchon.png\" class=\"attachment-large size-large wp-image-259\" alt=\"\" srcset=\"https:\/\/lesgravuresdelulu.fr\/wp-content\/uploads\/2025\/10\/Bouchon.png 1024w, https:\/\/lesgravuresdelulu.fr\/wp-content\/uploads\/2025\/10\/Bouchon-300x300.png 300w, https:\/\/lesgravuresdelulu.fr\/wp-content\/uploads\/2025\/10\/Bouchon-150x150.png 150w, https:\/\/lesgravuresdelulu.fr\/wp-content\/uploads\/2025\/10\/Bouchon-768x768.png 768w\" sizes=\"(max-width: 800px) 100vw, 800px\" \/>\t\t\t\t\t\t\t\t\t\t\t\t\t\t\t<\/div>\n\t\t\t\t<\/div>\n\t\t\t\t<div class=\"elementor-element elementor-element-1e2ed6e elementor-widget elementor-widget-text-editor\" data-id=\"1e2ed6e\" data-element_type=\"widget\" data-widget_type=\"text-editor.default\">\n\t\t\t\t<div class=\"elementor-widget-container\">\n\t\t\t\t\t\t\t\t\t<p><strong data-start=\"183\" data-end=\"204\">Gravez l\u2019instant.<\/strong><br data-start=\"204\" data-end=\"207\" \/>Un bouchon personnalis\u00e9 pour sceller un moment unique.<\/p>\t\t\t\t\t\t\t\t<\/div>\n\t\t\t\t<\/div>\n\t\t\t\t<\/div>\n\t\t<div class=\"elementor-element elementor-element-d656051 e-con-full e-flex e-con e-child\" data-id=\"d656051\" data-element_type=\"container\">\n\t\t\t\t<div class=\"elementor-element elementor-element-6790494 elementor-widget elementor-widget-image\" data-id=\"6790494\" data-element_type=\"widget\" data-widget_type=\"image.default\">\n\t\t\t\t<div class=\"elementor-widget-container\">\n\t\t\t\t\t\t\t\t\t\t\t\t\t\t\t<img decoding=\"async\" width=\"800\" height=\"800\" src=\"https:\/\/lesgravuresdelulu.fr\/wp-content\/uploads\/2024\/12\/Menu.png\" class=\"attachment-large size-large wp-image-102\" alt=\"\" srcset=\"https:\/\/lesgravuresdelulu.fr\/wp-content\/uploads\/2024\/12\/Menu.png 1000w, https:\/\/lesgravuresdelulu.fr\/wp-content\/uploads\/2024\/12\/Menu-300x300.png 300w, https:\/\/lesgravuresdelulu.fr\/wp-content\/uploads\/2024\/12\/Menu-150x150.png 150w, https:\/\/lesgravuresdelulu.fr\/wp-content\/uploads\/2024\/12\/Menu-768x768.png 768w\" sizes=\"(max-width: 800px) 100vw, 800px\" \/>\t\t\t\t\t\t\t\t\t\t\t\t\t\t\t<\/div>\n\t\t\t\t<\/div>\n\t\t\t\t<div class=\"elementor-element elementor-element-bb6a821 elementor-widget elementor-widget-text-editor\" data-id=\"bb6a821\" data-element_type=\"widget\" data-widget_type=\"text-editor.default\">\n\t\t\t\t<div class=\"elementor-widget-container\">\n\t\t\t\t\t\t\t\t\t<p><strong data-start=\"306\" data-end=\"327\">Un menu qui dure.<\/strong><br data-start=\"327\" data-end=\"330\" \/>Design raffin\u00e9 grav\u00e9 sur bois, parfait pour vos plus belles tables.<\/p>\t\t\t\t\t\t\t\t<\/div>\n\t\t\t\t<\/div>\n\t\t\t\t<\/div>\n\t\t<div class=\"elementor-element elementor-element-4b33f56 e-con-full e-flex e-con e-child\" data-id=\"4b33f56\" data-element_type=\"container\">\n\t\t\t\t<div class=\"elementor-element elementor-element-02b6e61 elementor-widget elementor-widget-image\" data-id=\"02b6e61\" data-element_type=\"widget\" data-widget_type=\"image.default\">\n\t\t\t\t<div class=\"elementor-widget-container\">\n\t\t\t\t\t\t\t\t\t\t\t\t\t\t\t<img decoding=\"async\" width=\"800\" height=\"800\" src=\"https:\/\/lesgravuresdelulu.fr\/wp-content\/uploads\/2025\/10\/ChatGPT-Image-28-oct.-2025-15_13_13.png\" class=\"attachment-large size-large wp-image-260\" alt=\"\" srcset=\"https:\/\/lesgravuresdelulu.fr\/wp-content\/uploads\/2025\/10\/ChatGPT-Image-28-oct.-2025-15_13_13.png 1024w, https:\/\/lesgravuresdelulu.fr\/wp-content\/uploads\/2025\/10\/ChatGPT-Image-28-oct.-2025-15_13_13-300x300.png 300w, https:\/\/lesgravuresdelulu.fr\/wp-content\/uploads\/2025\/10\/ChatGPT-Image-28-oct.-2025-15_13_13-150x150.png 150w, https:\/\/lesgravuresdelulu.fr\/wp-content\/uploads\/2025\/10\/ChatGPT-Image-28-oct.-2025-15_13_13-768x768.png 768w\" sizes=\"(max-width: 800px) 100vw, 800px\" \/>\t\t\t\t\t\t\t\t\t\t\t\t\t\t\t<\/div>\n\t\t\t\t<\/div>\n\t\t\t\t<div class=\"elementor-element elementor-element-d4649b3 elementor-widget elementor-widget-text-editor\" data-id=\"d4649b3\" data-element_type=\"widget\" data-widget_type=\"text-editor.default\">\n\t\t\t\t<div class=\"elementor-widget-container\">\n\t\t\t\t\t\t\t\t\t<p><strong data-start=\"443\" data-end=\"465\">Marquez les c\u0153urs.<\/strong><br data-start=\"465\" data-end=\"468\" \/>Une plume grav\u00e9e, \u00e9l\u00e9gante et naturelle, pour chaque invit\u00e9.<\/p>\t\t\t\t\t\t\t\t<\/div>\n\t\t\t\t<\/div>\n\t\t\t\t<\/div>\n\t\t<div class=\"elementor-element elementor-element-34e0070 e-con-full e-flex e-con e-child\" data-id=\"34e0070\" data-element_type=\"container\">\n\t\t\t\t<div class=\"elementor-element elementor-element-61022c6 elementor-widget elementor-widget-image\" data-id=\"61022c6\" data-element_type=\"widget\" data-widget_type=\"image.default\">\n\t\t\t\t<div class=\"elementor-widget-container\">\n\t\t\t\t\t\t\t\t\t\t\t\t\t\t\t<img loading=\"lazy\" decoding=\"async\" width=\"800\" height=\"800\" src=\"https:\/\/lesgravuresdelulu.fr\/wp-content\/uploads\/2024\/12\/DSC0211-scaled-e1735414623937-1024x1024.webp\" class=\"attachment-large size-large wp-image-84\" alt=\"\" srcset=\"https:\/\/lesgravuresdelulu.fr\/wp-content\/uploads\/2024\/12\/DSC0211-scaled-e1735414623937-1024x1024.webp 1024w, https:\/\/lesgravuresdelulu.fr\/wp-content\/uploads\/2024\/12\/DSC0211-scaled-e1735414623937-150x150.webp 150w, https:\/\/lesgravuresdelulu.fr\/wp-content\/uploads\/2024\/12\/DSC0211-scaled-e1735414623937-300x300.webp 300w, https:\/\/lesgravuresdelulu.fr\/wp-content\/uploads\/2024\/12\/DSC0211-scaled-e1735414623937-768x768.webp 768w, https:\/\/lesgravuresdelulu.fr\/wp-content\/uploads\/2024\/12\/DSC0211-scaled-e1735414623937.webp 1280w\" sizes=\"(max-width: 800px) 100vw, 800px\" \/>\t\t\t\t\t\t\t\t\t\t\t\t\t\t\t<\/div>\n\t\t\t\t<\/div>\n\t\t\t\t<div class=\"elementor-element elementor-element-a17063e elementor-widget elementor-widget-text-editor\" data-id=\"a17063e\" data-element_type=\"widget\" data-widget_type=\"text-editor.default\">\n\t\t\t\t<div class=\"elementor-widget-container\">\n\t\t\t\t\t\t\t\t\t<p><strong data-start=\"574\" data-end=\"599\">Un menu, un souvenir.<\/strong><br data-start=\"599\" data-end=\"602\" \/>Un format \u00e9l\u00e9gant et sobre, \u00e0 exposer ou garder pr\u00e9cieusement.<\/p>\t\t\t\t\t\t\t\t<\/div>\n\t\t\t\t<\/div>\n\t\t\t\t<\/div>\n\t\t\t\t\t<\/div>\n\t\t\t\t<\/div>\n\t\t\t\t<\/div>\n\t\t","protected":false},"excerpt":{"rendered":"<p>Ouvrir le catalogue en grand \u00e9cran Focus pour vos \u00e9v\u00e9nements Un mariage, une communion, un bapt\u00eame ? Sublimez vos tables et offrez \u00e0 vos invit\u00e9s un souvenir unique ! Chaque cr\u00e9ation est enti\u00e8rement personnalisable.Choisissez les pr\u00e9noms, les formes, les typographies\u2026 Menus, marque-places, cadeaux invit\u00e9s : tout peut \u00eatre imagin\u00e9 selon vos envies et votre th\u00e8me. [&hellip;]<\/p>\n","protected":false},"author":1,"featured_media":0,"parent":0,"menu_order":0,"comment_status":"closed","ping_status":"closed","template":"","meta":{"_eb_attr":"","footnotes":""},"class_list":["post-17","page","type-page","status-publish","hentry"],"jetpack_sharing_enabled":true,"_links":{"self":[{"href":"https:\/\/lesgravuresdelulu.fr\/index.php\/wp-json\/wp\/v2\/pages\/17","targetHints":{"allow":["GET"]}}],"collection":[{"href":"https:\/\/lesgravuresdelulu.fr\/index.php\/wp-json\/wp\/v2\/pages"}],"about":[{"href":"https:\/\/lesgravuresdelulu.fr\/index.php\/wp-json\/wp\/v2\/types\/page"}],"author":[{"embeddable":true,"href":"https:\/\/lesgravuresdelulu.fr\/index.php\/wp-json\/wp\/v2\/users\/1"}],"replies":[{"embeddable":true,"href":"https:\/\/lesgravuresdelulu.fr\/index.php\/wp-json\/wp\/v2\/comments?post=17"}],"version-history":[{"count":61,"href":"https:\/\/lesgravuresdelulu.fr\/index.php\/wp-json\/wp\/v2\/pages\/17\/revisions"}],"predecessor-version":[{"id":328,"href":"https:\/\/lesgravuresdelulu.fr\/index.php\/wp-json\/wp\/v2\/pages\/17\/revisions\/328"}],"wp:attachment":[{"href":"https:\/\/lesgravuresdelulu.fr\/index.php\/wp-json\/wp\/v2\/media?parent=17"}],"curies":[{"name":"wp","href":"https:\/\/api.w.org\/{rel}","templated":true}]}}