{"id":20,"date":"2024-12-28T18:52:28","date_gmt":"2024-12-28T17:52:28","guid":{"rendered":"http:\/\/lesgravuresdelulu.fr\/?page_id=20"},"modified":"2025-10-29T13:03:44","modified_gmt":"2025-10-29T12:03:44","slug":"a-propos","status":"publish","type":"page","link":"https:\/\/lesgravuresdelulu.fr\/index.php\/a-propos\/","title":{"rendered":"\u00c0 propos"},"content":{"rendered":"\t\t<div data-elementor-type=\"wp-page\" data-elementor-id=\"20\" class=\"elementor elementor-20\">\n\t\t\t\t<div class=\"elementor-element elementor-element-2d03507 e-flex e-con-boxed e-con e-parent\" data-id=\"2d03507\" data-element_type=\"container\">\n\t\t\t\t\t<div class=\"e-con-inner\">\n\t\t<div class=\"elementor-element elementor-element-7865775 e-con-full e-flex e-con e-child\" data-id=\"7865775\" data-element_type=\"container\">\n\t\t\t\t<div class=\"elementor-element elementor-element-761afee elementor-widget elementor-widget-image\" data-id=\"761afee\" data-element_type=\"widget\" data-widget_type=\"image.default\">\n\t\t\t\t<div class=\"elementor-widget-container\">\n\t\t\t\t\t\t\t\t\t\t\t\t\t\t\t<img fetchpriority=\"high\" decoding=\"async\" width=\"768\" height=\"1024\" src=\"https:\/\/lesgravuresdelulu.fr\/wp-content\/uploads\/2024\/12\/IMG_2486-768x1024.webp\" class=\"attachment-large size-large wp-image-74\" alt=\"\" srcset=\"https:\/\/lesgravuresdelulu.fr\/wp-content\/uploads\/2024\/12\/IMG_2486-768x1024.webp 768w, https:\/\/lesgravuresdelulu.fr\/wp-content\/uploads\/2024\/12\/IMG_2486-225x300.webp 225w, https:\/\/lesgravuresdelulu.fr\/wp-content\/uploads\/2024\/12\/IMG_2486-1152x1536.webp 1152w, https:\/\/lesgravuresdelulu.fr\/wp-content\/uploads\/2024\/12\/IMG_2486.webp 1440w\" sizes=\"(max-width: 768px) 100vw, 768px\" \/>\t\t\t\t\t\t\t\t\t\t\t\t\t\t\t<\/div>\n\t\t\t\t<\/div>\n\t\t\t\t<\/div>\n\t\t<div class=\"elementor-element elementor-element-75d6e64 e-con-full e-flex e-con e-child\" data-id=\"75d6e64\" data-element_type=\"container\">\n\t\t\t\t<div class=\"elementor-element elementor-element-0007a94 elementor-widget elementor-widget-text-editor\" data-id=\"0007a94\" data-element_type=\"widget\" data-widget_type=\"text-editor.default\">\n\t\t\t\t<div class=\"elementor-widget-container\">\n\t\t\t\t\t\t\t\t\t<p data-start=\"311\" data-end=\"355\">Bienvenue chez <strong data-start=\"326\" data-end=\"350\">Les Gravures de Lulu<\/strong> <img decoding=\"async\" draggable=\"false\" role=\"img\" class=\"emoji\" alt=\"\ud83c\udf3f\" src=\"https:\/\/s.w.org\/images\/core\/emoji\/16.0.1\/svg\/1f33f.svg\"><\/p>\n<p data-start=\"357\" data-end=\"610\">Je m\u2019appelle <strong data-start=\"370\" data-end=\"379\">Lucas<\/strong>, artisan passionn\u00e9 et amoureux du travail du bois.<br data-start=\"430\" data-end=\"433\">Depuis mon atelier en Alsace, je cr\u00e9e des objets grav\u00e9s uniques \u2014 d\u00e9corations, cadeaux personnalis\u00e9s ou cr\u00e9ations sur mesure \u2014 qui allient authenticit\u00e9, simplicit\u00e9 et \u00e9motion.<\/p>\n<p data-start=\"612\" data-end=\"811\">Chaque gravure est r\u00e9alis\u00e9e avec soin, du choix du bois \u00e0 la finition. J\u2019aime voir na\u00eetre un objet qui a une \u00e2me, une texture, une histoire\u2026 Un objet qui fera plaisir \u00e0 offrir ou \u00e0 garder chez soi.<\/p>\n<p data-start=\"813\" data-end=\"981\"><img decoding=\"async\" draggable=\"false\" role=\"img\" class=\"emoji\" alt=\"\u2728\" src=\"https:\/\/s.w.org\/images\/core\/emoji\/16.0.1\/svg\/2728.svg\"> <strong data-start=\"815\" data-end=\"839\">Les Gravures de Lulu<\/strong>, c\u2019est avant tout une aventure artisanale n\u00e9e d\u2019une envie : partager ma passion et faire red\u00e9couvrir la beaut\u00e9 du bois travaill\u00e9 avec c\u0153ur.<\/p>\n<p data-start=\"983\" data-end=\"1167\">Je con\u00e7ois mes cr\u00e9ations en petites s\u00e9ries ou \u00e0 la demande, en privil\u00e9giant des mat\u00e9riaux naturels et des proc\u00e9d\u00e9s pr\u00e9cis, pour garantir un rendu de qualit\u00e9 et durable dans le temps.<\/p>\n<p data-start=\"1169\" data-end=\"1263\"><img decoding=\"async\" draggable=\"false\" role=\"img\" class=\"emoji\" alt=\"\ud83c\udf84\" src=\"https:\/\/s.w.org\/images\/core\/emoji\/16.0.1\/svg\/1f384.svg\"> Vous pouvez venir d\u00e9couvrir mes nouveaut\u00e9s et \u00e9changer avec moi sur les march\u00e9s de No\u00ebl :<\/p>\n<ul data-start=\"1264\" data-end=\"1336\">\n<li data-start=\"1264\" data-end=\"1297\">\n<p data-start=\"1266\" data-end=\"1297\">le <strong data-start=\"1269\" data-end=\"1295\">23 novembre \u00e0 Aschbach<\/strong><\/p>\n<\/li>\n<li data-start=\"1298\" data-end=\"1336\">\n<p data-start=\"1300\" data-end=\"1336\">les <strong data-start=\"1304\" data-end=\"1334\">13 et 14 d\u00e9cembre \u00e0 Hatten<\/strong><\/p>\n<\/li>\n<\/ul>\n<p data-start=\"1338\" data-end=\"1499\">Et si vous ne pouvez pas vous d\u00e9placer, retrouvez toutes mes cr\u00e9ations directement sur mon site.<strong data-start=\"1441\" data-end=\"1497\"><\/strong><\/p>\n<p data-start=\"1501\" data-end=\"1605\">Merci de faire vivre l\u2019artisanat local et de soutenir ceux qui cr\u00e9ent avec leurs mains et leur c\u0153ur <img decoding=\"async\" draggable=\"false\" role=\"img\" class=\"emoji\" alt=\"\ud83d\udc9b\" src=\"https:\/\/s.w.org\/images\/core\/emoji\/16.0.1\/svg\/1f49b.svg\"><\/p>\t\t\t\t\t\t\t\t<\/div>\n\t\t\t\t<\/div>\n\t\t\t\t<\/div>\n\t\t\t\t\t<\/div>\n\t\t\t\t<\/div>\n\t\t\t\t<\/div>\n\t\t","protected":false},"excerpt":{"rendered":"<p>Bienvenue chez Les Gravures de Lulu Je m\u2019appelle Lucas, artisan passionn\u00e9 et amoureux du travail du bois.Depuis mon atelier en Alsace, je cr\u00e9e des objets grav\u00e9s uniques \u2014 d\u00e9corations, cadeaux personnalis\u00e9s ou cr\u00e9ations sur mesure \u2014 qui allient authenticit\u00e9, simplicit\u00e9 et \u00e9motion. Chaque gravure est r\u00e9alis\u00e9e avec soin, du choix du bois \u00e0 la finition. [&hellip;]<\/p>\n","protected":false},"author":1,"featured_media":0,"parent":0,"menu_order":0,"comment_status":"closed","ping_status":"closed","template":"","meta":{"_eb_attr":"","footnotes":""},"class_list":["post-20","page","type-page","status-publish","hentry"],"jetpack_sharing_enabled":true,"_links":{"self":[{"href":"https:\/\/lesgravuresdelulu.fr\/index.php\/wp-json\/wp\/v2\/pages\/20","targetHints":{"allow":["GET"]}}],"collection":[{"href":"https:\/\/lesgravuresdelulu.fr\/index.php\/wp-json\/wp\/v2\/pages"}],"about":[{"href":"https:\/\/lesgravuresdelulu.fr\/index.php\/wp-json\/wp\/v2\/types\/page"}],"author":[{"embeddable":true,"href":"https:\/\/lesgravuresdelulu.fr\/index.php\/wp-json\/wp\/v2\/users\/1"}],"replies":[{"embeddable":true,"href":"https:\/\/lesgravuresdelulu.fr\/index.php\/wp-json\/wp\/v2\/comments?post=20"}],"version-history":[{"count":7,"href":"https:\/\/lesgravuresdelulu.fr\/index.php\/wp-json\/wp\/v2\/pages\/20\/revisions"}],"predecessor-version":[{"id":278,"href":"https:\/\/lesgravuresdelulu.fr\/index.php\/wp-json\/wp\/v2\/pages\/20\/revisions\/278"}],"wp:attachment":[{"href":"https:\/\/lesgravuresdelulu.fr\/index.php\/wp-json\/wp\/v2\/media?parent=20"}],"curies":[{"name":"wp","href":"https:\/\/api.w.org\/{rel}","templated":true}]}}