{"id":234,"date":"2025-10-04T19:06:33","date_gmt":"2025-10-04T17:06:33","guid":{"rendered":"https:\/\/lesgravuresdelulu.fr\/?page_id=234"},"modified":"2025-10-04T19:08:49","modified_gmt":"2025-10-04T17:08:49","slug":"mentions-legales","status":"publish","type":"page","link":"https:\/\/lesgravuresdelulu.fr\/index.php\/mentions-legales\/","title":{"rendered":"Mentions l\u00e9gales"},"content":{"rendered":"\t\t<div data-elementor-type=\"wp-page\" data-elementor-id=\"234\" class=\"elementor elementor-234\">\n\t\t\t\t<div class=\"elementor-element elementor-element-e648cd9 e-flex e-con-boxed e-con e-parent\" data-id=\"e648cd9\" data-element_type=\"container\">\n\t\t\t\t\t<div class=\"e-con-inner\">\n\t\t\t\t<div class=\"elementor-element elementor-element-e42b4a9 elementor-widget elementor-widget-text-editor\" data-id=\"e42b4a9\" data-element_type=\"widget\" data-widget_type=\"text-editor.default\">\n\t\t\t\t<div class=\"elementor-widget-container\">\n\t\t\t\t\t\t\t\t\t<div><p>Merci de lire attentivement les pr\u00e9sentes modalit\u00e9s d\u2019utilisation du pr\u00e9sent site avant de le parcourir. En vous connectant sur ce site, vous acceptez sans r\u00e9serve les pr\u00e9sentes modalit\u00e9s du site : lesgravuresdelulu.fr. Conform\u00e9ment \u00e0 l\u2019article n\u00b06 de la Loi n\u00b02004-575 du 21 Juin 2004 pour la confiance dans l\u2019\u00e9conomie num\u00e9rique.<\/p><\/div><h5>1. Identit\u00e9 du site web :<\/h5><p>L\u2019identit\u00e9 du site lesgravuresdelulu.fr appartient \u00e0 la soci\u00e9t\u00e9 lesgravuresdelulu.fr, en la personne de Lucas BIEGER, immatricul\u00e9 au registre du commerce et des soci\u00e9t\u00e9s de Strasbourg sous le num\u00e9ro : 901 015 586<\/p><p>Siret : 901 015 586 00018<\/p><p>Contact :\u00a0<strong>contact@lesgravuresdelulu.fr<\/strong><\/p><h5>2. H\u00e9bergement :<\/h5><p>OVH<br \/>SAS au capital de 10 069 020 \u20ac<br \/>RCS Lille M\u00e9tropole 424 761 419 00045<br \/>Code APE 2620Z<br \/>N\u00b0 TVA : FR 22 424 761 419<br \/>Si\u00e8ge social : 2 rue Kellermann \u2013 59100 Roubaix \u2013 France<\/p><h5>3. Utilisation :<\/h5><p>Les informations contenues sur ce site sont aussi pr\u00e9cises que possibles et le site est p\u00e9riodiquement remis \u00e0 jour par Lucas BIEGER, mais peut toutefois contenir des inexactitudes ou des lacunes qu\u2019elles soient de son fait ou du fait des tiers partenaires qui lui fournissent ces informations.. Si vous constatez une lacune, erreur ou ce qui parait \u00eatre un dysfonctionnement, merci de bien vouloir le signaler par e-mail (contact@lesgravuresdelulu.fr) en d\u00e9crivant le probl\u00e8me de la mani\u00e8re la plus pr\u00e9cise possible. Le site lesgravuresdelulu.fr<strong>\u00a0<\/strong>est par principe accessible 24\/24, 7\/7j, sauf en cas de maintenance programm\u00e9 ou non. En cas d\u2019indisponibilit\u00e9 du site lesgravuresdelulu.fr<strong>,\u00a0\u00a0<\/strong>le propri\u00e9taire du site s\u2019engage de faire son maximum pour r\u00e9tablir les acc\u00e8s et communiquera aux utilisateurs les interventions. En cons\u00e9quence, l\u2019utilisateur (est reconnu utilisateur, toute personne se connectant au site lesgravuresdelulu.fr) reconna\u00eet utiliser ces informations donn\u00e9es (\u00e0 titre indicatif, non-exhaustives et susceptibles d\u2019\u00e9voluer) sous sa responsabilit\u00e9 exclusive.<\/p><h5>4. Litiges :<\/h5><p>Les pr\u00e9sentes conditions du site lesgravuresdelulu.fr\u00a0sont r\u00e9gies par les lois fran\u00e7aises et toute contestation ou litiges qui pourraient na\u00eetre de l\u2019interpr\u00e9tation ou de l\u2019ex\u00e9cution de celles-ci seront de la comp\u00e9tence exclusive des tribunaux dont d\u00e9pend le si\u00e8ge social de la soci\u00e9t\u00e9. La langue de r\u00e9f\u00e9rence, pour le r\u00e8glement de contentieux \u00e9ventuels, est le fran\u00e7ais.<\/p><h5>5. Propri\u00e9t\u00e9 Intellectuelle :<\/h5><p>Tout le contenu du pr\u00e9sent site lesgravuresdelulu.fr; incluant, de fa\u00e7on non-limitative, les graphismes, images, textes, vid\u00e9os, animations, sons, logos, gifs et ic\u00f4nes ainsi que leur mise en forme sont la propri\u00e9t\u00e9 exclusive de la soci\u00e9t\u00e9 \u00e0 l\u2019exception des marques, logos ou contenus appartenant \u00e0 d\u2019autres soci\u00e9t\u00e9s partenaires ou auteurs.<\/p><p>Le responsable de le publication est Lucas BIEGER. Toute reproduction totale ou partielle du site lesgravuresdelulu.fr<strong>,\u00a0<\/strong>distribution, modification, adaptation, retransmission ou publication totale ou partielle de l\u2019un quelconque de ces \u00e9l\u00e9ments, quel que soit le moyen ou le proc\u00e9d\u00e9 utilis\u00e9, est interdite, sauf autorisation \u00e9crite pr\u00e9alable de Lucas BIEGER, propri\u00e9taire du site \u00e0 l\u2019email :\u00a0<strong>contact@lesgravuresdelulu.fr<\/strong>, cette repr\u00e9sentation ou reproduction, par quelques soit le proc\u00e9d\u00e9 que ce soit, constitue une contrefa\u00e7on sanctionn\u00e9e par les articles L.335-2 et suivants du Code de la propri\u00e9t\u00e9 intellectuelle et est passible de poursuite.<\/p><p><strong>6. Contact<\/strong><\/p><p>Vous pouvez contacter le propri\u00e9taire du site lesgravuresdelulu.fr<strong>\u00a0<\/strong>et en fran\u00e7ais \u00e0 l\u2019adresse suivante :\u00a0<strong>contact@lesgravuresdelulu.fr<\/strong><\/p>\t\t\t\t\t\t\t\t<\/div>\n\t\t\t\t<\/div>\n\t\t\t\t\t<\/div>\n\t\t\t\t<\/div>\n\t\t\t\t<\/div>\n\t\t","protected":false},"excerpt":{"rendered":"<p>Merci de lire attentivement les pr\u00e9sentes modalit\u00e9s d\u2019utilisation du pr\u00e9sent site avant de le parcourir. En vous connectant sur ce site, vous acceptez sans r\u00e9serve les pr\u00e9sentes modalit\u00e9s du site : lesgravuresdelulu.fr. Conform\u00e9ment \u00e0 l\u2019article n\u00b06 de la Loi n\u00b02004-575 du 21 Juin 2004 pour la confiance dans l\u2019\u00e9conomie num\u00e9rique. 1. Identit\u00e9 du site web [&hellip;]<\/p>\n","protected":false},"author":1,"featured_media":0,"parent":0,"menu_order":0,"comment_status":"closed","ping_status":"closed","template":"","meta":{"_eb_attr":"","footnotes":""},"class_list":["post-234","page","type-page","status-publish","hentry"],"jetpack_sharing_enabled":true,"_links":{"self":[{"href":"https:\/\/lesgravuresdelulu.fr\/index.php\/wp-json\/wp\/v2\/pages\/234","targetHints":{"allow":["GET"]}}],"collection":[{"href":"https:\/\/lesgravuresdelulu.fr\/index.php\/wp-json\/wp\/v2\/pages"}],"about":[{"href":"https:\/\/lesgravuresdelulu.fr\/index.php\/wp-json\/wp\/v2\/types\/page"}],"author":[{"embeddable":true,"href":"https:\/\/lesgravuresdelulu.fr\/index.php\/wp-json\/wp\/v2\/users\/1"}],"replies":[{"embeddable":true,"href":"https:\/\/lesgravuresdelulu.fr\/index.php\/wp-json\/wp\/v2\/comments?post=234"}],"version-history":[{"count":5,"href":"https:\/\/lesgravuresdelulu.fr\/index.php\/wp-json\/wp\/v2\/pages\/234\/revisions"}],"predecessor-version":[{"id":240,"href":"https:\/\/lesgravuresdelulu.fr\/index.php\/wp-json\/wp\/v2\/pages\/234\/revisions\/240"}],"wp:attachment":[{"href":"https:\/\/lesgravuresdelulu.fr\/index.php\/wp-json\/wp\/v2\/media?parent=234"}],"curies":[{"name":"wp","href":"https:\/\/api.w.org\/{rel}","templated":true}]}}